{"id":1920,"date":"2020-10-06T21:36:24","date_gmt":"2020-10-07T02:36:24","guid":{"rendered":"http:\/\/35.174.253.60\/?page_id=1920"},"modified":"2021-09-07T17:02:50","modified_gmt":"2021-09-07T22:02:50","slug":"about-us","status":"publish","type":"page","link":"https:\/\/www.globalabcp.com\/en\/about-us\/","title":{"rendered":"About Us"},"content":{"rendered":"[vc_row full_width=&#8221;stretch_row_content&#8221; css=&#8221;.vc_custom_1615229623370{padding-top: 0px !important;background-color: #f8f8f8 !important;}&#8221;][vc_column][vc_row_inner content_placement=&#8221;middle&#8221; el_class=&#8221;mid-contain&#8221; css=&#8221;.vc_custom_1474635734416{margin-bottom: -30px !important;}&#8221;][vc_column_inner width=&#8221;1\/2&#8243;][vc_column_text]\n<div class=\"home-about-area\">\n<div class=\"about-content-area\">\n<div class=\"about-content-area\">\n<h2><em>About Us<\/em><\/h2>\n<p><span style=\"font-weight: 400;\"><strong>InterCuentas Holding, Inc. (ICH)<\/strong> is a Panamanian company created on July 24, 2000, owner of InterCuentas technology and business model. ICH granted an exclusive license for the development of its business and technology model, in the territory of the Republic of Panama, to Mercado InterCuentas, S.A.<\/span><\/p>\n<p><strong>Mercado InterCuentas, S.A.<\/strong> is a Panamanian company created on June 25, 1999. It began operations in February 2001 as a factoring exchange, where it affiliated banks and factoring companies to buy and sell invoices between them. Later, in July 2009, it modified its business model to offer invoices certified by large local companies with low credit risk, directly to affiliated investors.<\/p>\n<p><span style=\"font-weight: 400;\"><strong>InterCuentas Holding Inc.<\/strong> created the Global ABCP Special Purpose Vehicle (SPV) in Guernsey which is the issuer of ABCPs and Bonds (Short and Medium Term Debt Securities), backed by invoices certified by affiliated Debtors, managed by a Swiss Paying Agent regulated by FINMA. These Debt Securities have a unique Swiss International Securities Identification Number (ISIN), are listed in the Swiss Stock Exchange Central Securities Depository (SIX-CSD) clearinghouse, and are held in custody and settled in Euroclear, for which they are regulated by the Swiss securities law.<\/span><\/p>\n<\/div>\n<\/div>\n<\/div>\n[\/vc_column_text][\/vc_column_inner][vc_column_inner width=&#8221;1\/2&#8243;][vc_single_image image=&#8221;1811&#8243; img_size=&#8221;full&#8221;][\/vc_column_inner][\/vc_row_inner][\/vc_column][\/vc_row][vc_row][vc_column][vc_empty_space height=&#8221;72px&#8221;][\/vc_column][\/vc_row][vc_row][vc_column][vc_row_inner el_class=&#8221;no-bg&#8221;][vc_column_inner width=&#8221;1\/2&#8243;][vc_single_image image=&#8221;1810&#8243; img_size=&#8221;full&#8221;][\/vc_column_inner][vc_column_inner el_class=&#8221;no-bg&#8221; width=&#8221;1\/2&#8243; css=&#8221;.vc_custom_1615231349570{padding-left: 10px !important;}&#8221;][vc_column_text]\n<div class=\"home-about-area\">\n<div class=\"about-content-area\">\n<div class=\"about-content-area\">\n<h2><em>Swiss financial center<\/em><\/h2>\n<p>SIX operates the infrastructure of the Swiss financial center, thus ensuring the flow of information and money between financial market players. SIX offers exchange, financial information and banking services with the aim of increasing efficiency, quality and innovative capacity throughout the entire Swiss banking and stock exchange value chain. SIX is also building a digital infrastructure for the new millennium. SIX connects financial market participants in Switzerland and around the world. The company is owned by around 120 national and international financial institutions that operate in the Swiss financial center.<\/p>\n<p>Euroclear is a Belgian-based financial services company that specializes in the settlement of securities transactions, as well as the custody and servicing of these securities assets. It was founded in 1968 as part of J.P. Morgan &amp; Co. to settle transactions in the developing Eurobond market.<\/p>\n<\/div>\n<\/div>\n<\/div>\n[\/vc_column_text][\/vc_column_inner][\/vc_row_inner][\/vc_column][\/vc_row][vc_row full_width=&#8221;stretch_row_content_no_spaces&#8221; disable_element=&#8221;yes&#8221; css=&#8221;.vc_custom_1615301396505{background-image: url(http:\/\/globalabcp.com\/wp-content\/uploads\/2021\/03\/bgsection3.jpg?id=1629) !important;background-position: center !important;background-repeat: no-repeat !important;background-size: cover !important;}&#8221;][vc_column] \n\n    <div class=\"home-page-core-activities-area\">\n\n        <div class=\"container\">\n\n            <div class=\"row\"> \n\n                 <div class=\"col-lg-6 col-md-6 col-sm-6 col-xs-12\"><\/div>\n\n                 <div class=\"col-lg-6 col-md-6 col-sm-6 col-xs-12\">\n\n                    <div class=\"home-activities-area\">\n\n                        <h2>Ventajas<\/h2>\n\n                                           \n\n                              <div class=\"single-activities\">\n\n                                  <div class=\"media\">\n\n                                    <div class=\"pull-left\">\n\n                                      <a href=\"#\">\n\n                                        <span class=\"flaticon-presentation\"><\/span>\n\n                                      <\/a>\n\n                                    <\/div>\n\n                                    <div class=\"media-body\">\n\n                                      <h4 class=\"media-heading\"><a href=\"#\">Deudores<\/a><\/h4>\n\n                                      <p>Los deudores privados con grado de inversi\u00f3n asignados por agencias calificadoras de riesgo internacionales logran extender gratuitamente el plazo de pago que tienen con sus proveedores afiliados obteniendo entre 30 a 90 d\u00edas adicionales de cr\u00e9dito, hasta un m\u00e1ximo de 180 d\u00edas calendarios. <\/p>\n\n                                    <\/div>\n\n                                  <\/div>\n\n                              <\/div>\n\n                                               \n\n                              <div class=\"single-activities\">\n\n                                  <div class=\"media\">\n\n                                    <div class=\"pull-left\">\n\n                                      <a href=\"#\">\n\n                                        <span class=\"flaticon-graph\"><\/span>\n\n                                      <\/a>\n\n                                    <\/div>\n\n                                    <div class=\"media-body\">\n\n                                      <h4 class=\"media-heading\"><a href=\"#\">Proveedores<\/a><\/h4>\n\n                                      <p>Los Proveedores logran vender por Descuento por Pronto Pago sus cuentas por cobrar certificadas a Inversionistas Institucionales y Casas de Valores, que compran los ABCPs respaldados por ellas, con un costo impl\u00edcito de financiamiento menor que el ofrecido por los Bancos y empresas de Factoring.<\/p>\n\n                                    <\/div>\n\n                                  <\/div>\n\n                              <\/div>\n\n                                               \n\n                              <div class=\"single-activities\">\n\n                                  <div class=\"media\">\n\n                                    <div class=\"pull-left\">\n\n                                      <a href=\"#\">\n\n                                        <span class=\"flaticon-piggy-bank\"><\/span>\n\n                                      <\/a>\n\n                                    <\/div>\n\n                                    <div class=\"media-body\">\n\n                                      <h4 class=\"media-heading\"><a href=\"#\">Invesionistas<\/a><\/h4>\n\n                                      <p>Los Inversionistas Institucionales y los inversionistas que compran a trav\u00e9s de Casas de Valores, obtienen rendimientos m\u00e1s altos que otros instrumentos de inversi\u00f3n de igual riesgo y plazo que sirven para el \u00cdndice de Liquidez exigido por sus autoridades regulatorias.<\/p>\n\n                                    <\/div>\n\n                                  <\/div>\n\n                              <\/div>\n\n                              \n\n                    <\/div> \n\n                 <\/div>\n\n            <\/div>\n\n        <\/div>\n\n    <\/div>\n\n[\/vc_column][\/vc_row][vc_row full_width=&#8221;stretch_row_content_no_spaces&#8221; css=&#8221;.vc_custom_1628687117365{padding-top: 70px !important;padding-bottom: 100px !important;background-image: url(http:\/\/review.globalabcp.com\/wp-content\/uploads\/2021\/04\/bgsect.jpg?id=1977) !important;background-position: center !important;background-repeat: no-repeat !important;background-size: cover !important;}&#8221; el_class=&#8221;not-show-mobile&#8221;][vc_column offset=&#8221;vc_hidden-sm vc_hidden-xs&#8221;][vc_row_inner][vc_column_inner width=&#8221;1\/2&#8243;][\/vc_column_inner][vc_column_inner width=&#8221;1\/2&#8243;][vc_single_image image=&#8221;1348&#8243; img_size=&#8221;50&#215;50&#8243; css=&#8221;.vc_custom_1615300493237{margin-top: 40px !important;}&#8221; el_class=&#8221;image-float-left&#8221;][vc_column_text el_class=&#8221;text-float-right&#8221;]\n<h3>Debtors<\/h3>\n<p><span style=\"font-weight: 400;\">Investment grade private debtors, assigned by international risk rating agencies such as Moody&#8217;s, Fitch and Standard &amp; Poor&#8217;s, manage to extend the payment term they have with their affiliated providers for free, obtaining between 30 to 90 additional days of credit, up to a 180 calendar days maximum. <div class=\"show_more\"><p class=\"wpsm-show\" style=\"color: #cc0000; font-size: 100%; text-align: left;\"> View more<\/p><div class=\"wpsm-content\">The Debtors do not pay InterCuentas anything for their services.<\/span><\/p>\n<p><span style=\"font-weight: 400;\">In addition, through us they can issue Commercial Papers and Bonds, obtaining financial costs lower than those obtained in their local banking markets, without the need to become public companies or having to comply with the demanding requirements of the Superintendency of Securities of their country. <p class=\"wpsm-hide\" style=\"color: #cc0000; font-size: 100%; text-align: left;\"> View less<\/p><\/div><\/div><\/span>[\/vc_column_text][\/vc_column_inner][\/vc_row_inner][vc_row_inner][vc_column_inner width=&#8221;1\/2&#8243;][\/vc_column_inner][vc_column_inner width=&#8221;1\/2&#8243;][vc_single_image image=&#8221;1343&#8243; img_size=&#8221;50&#215;50&#8243; css=&#8221;.vc_custom_1615300940810{margin-top: 40px !important;}&#8221; el_class=&#8221;image-float-left&#8221;][vc_column_text el_class=&#8221;text-float-right&#8221;]\n<h3>Suppliers<\/h3>\n<p><span style=\"font-weight: 400;\">Suppliers are able to sell their certified accounts receivable through a Prompt Payment Discount to Institutional Investors and Brokerage Houses, who buy the ABCPs backed by them, with a total cost lower than that offered by Banks and Factoring companies.<\/span><\/p>\n<p><span style=\"font-weight: 400;\"> <div class=\"show_more\"><p class=\"wpsm-show\" style=\"color: #cc0000; font-size: 100%; text-align: left;\"> View more<\/p><div class=\"wpsm-content\"> Suppliers obtain immediate liquidity in InterCuentas, without having to sign promissory notes, or be subjected to credit analysis, or commercial references, or credit references, or being obliged to present bonds, or guarantor, or personal or commercial tangible guarantees of any kind, Neither a minimum time of existence will be required, nor that they are profitable, nor any type of documents typically used in financing. <p class=\"wpsm-hide\" style=\"color: #cc0000; font-size: 100%; text-align: left;\"> View Less<\/p><\/div><\/div><\/span>[\/vc_column_text][\/vc_column_inner][\/vc_row_inner][vc_row_inner][vc_column_inner width=&#8221;1\/2&#8243;][\/vc_column_inner][vc_column_inner width=&#8221;1\/2&#8243;][vc_single_image image=&#8221;1350&#8243; img_size=&#8221;50&#215;50&#8243; css=&#8221;.vc_custom_1615301084951{margin-top: 40px !important;}&#8221; el_class=&#8221;image-float-left&#8221;][vc_column_text el_class=&#8221;text-float-right&#8221;]\n<h3>Investors<\/h3>\n<p><span style=\"font-weight: 400;\">Non-US and Non-Canadian Institutional Investors who buy our Swiss ABCPs and Bonds through Brokerage Houses obtain higher returns than other investment instruments of the same risk and term.<div class=\"show_more\"><p class=\"wpsm-show\" style=\"color: #cc0000; font-size: 100%; text-align: left;\"> View more<\/p><div class=\"wpsm-content\"> These serve for the Liquidity Index required by regulatory authorities under BIS BASEL III regulations, and do not pay income tax in Panama and other similar jurisdictions. <p class=\"wpsm-hide\" style=\"color: #cc0000; font-size: 100%; text-align: left;\"> View Less<\/p><\/div><\/div><\/span>[\/vc_column_text][\/vc_column_inner][\/vc_row_inner][\/vc_column][\/vc_row][vc_row full_width=&#8221;stretch_row_content_no_spaces&#8221; css=&#8221;.vc_custom_1621430655900{padding-bottom: 100px !important;background-color: #0081b3 !important;background-position: center !important;background-repeat: no-repeat !important;background-size: cover !important;}&#8221; el_class=&#8221;hide-in-desktop&#8221;][vc_column offset=&#8221;vc_hidden-lg vc_hidden-md&#8221;][vc_single_image image=&#8221;2012&#8243; img_size=&#8221;full&#8221;][vc_row_inner][vc_column_inner][vc_single_image image=&#8221;1348&#8243; img_size=&#8221;&#8221; css=&#8221;.vc_custom_1619190567342{margin-top: 40px !important;}&#8221; el_class=&#8221;iconos-responsive&#8221;][vc_column_text el_class=&#8221;text-float-right&#8221;]\n<h3>Debtors<\/h3>\n<p><span style=\"font-weight: 400;\">Investment grade private debtors, assigned by international risk rating agencies such as Moody&#8217;s, Fitch and Standard &amp; Poor&#8217;s, manage to extend the payment term they have with their affiliated providers for free, obtaining between 30 to 90 additional days of credit, up to a 180 calendar days maximum. <div class=\"show_more\"><p class=\"wpsm-show\" style=\"color: #cc0000; font-size: 100%; text-align: left;\"> View more<\/p><div class=\"wpsm-content\">The Debtors do not pay InterCuentas anything for their services.<\/span><\/p>\n<p><span style=\"font-weight: 400;\">In addition, through us they can issue Commercial Papers and Bonds, obtaining financial costs lower than those obtained in their local banking markets, without the need to become public companies or having to comply with the demanding requirements of the Superintendency of Securities of their country. <p class=\"wpsm-hide\" style=\"color: #cc0000; font-size: 100%; text-align: left;\"> View less<\/p><\/div><\/div><\/span>[\/vc_column_text][\/vc_column_inner][\/vc_row_inner][vc_row_inner][vc_column_inner][vc_single_image image=&#8221;1343&#8243; img_size=&#8221;&#8221; css=&#8221;.vc_custom_1619190122934{margin-top: 40px !important;}&#8221; el_class=&#8221;iconos-responsive&#8221;][vc_column_text el_class=&#8221;text-float-right&#8221;]\n<h3>Suppliers<\/h3>\n<p><span style=\"font-weight: 400;\">Suppliers are able to sell their certified accounts receivable through a Prompt Payment Discount to Institutional Investors and Brokerage Houses, who buy the ABCPs backed by them, with a total cost lower than that offered by Banks and Factoring companies.<\/span><\/p>\n<p><span style=\"font-weight: 400;\"> <div class=\"show_more\"><p class=\"wpsm-show\" style=\"color: #cc0000; font-size: 100%; text-align: left;\"> View more<\/p><div class=\"wpsm-content\"> Suppliers obtain immediate liquidity in InterCuentas, without having to sign promissory notes, or be subjected to credit analysis, or commercial references, or credit references, or being obliged to present bonds, or guarantor, or personal or commercial tangible guarantees of any kind, Neither a minimum time of existence will be required, nor that they are profitable, nor any type of documents typically used in financing. <p class=\"wpsm-hide\" style=\"color: #cc0000; font-size: 100%; text-align: left;\"> View Less<\/p><\/div><\/div><\/span>[\/vc_column_text][\/vc_column_inner][\/vc_row_inner][vc_row_inner][vc_column_inner][vc_single_image image=&#8221;1350&#8243; img_size=&#8221;&#8221; css=&#8221;.vc_custom_1619190132016{margin-top: 40px !important;}&#8221; el_class=&#8221;iconos-responsive&#8221;][vc_column_text el_class=&#8221;text-float-right&#8221;]\n<h3>Investors<\/h3>\n<p><span style=\"font-weight: 400;\">Institutional Investors and investors who buy through Brokerage Houses obtain higher returns than other investment instruments of the same risk and term.<div class=\"show_more\"><p class=\"wpsm-show\" style=\"color: #cc0000; font-size: 100%; text-align: left;\"> View more<\/p><div class=\"wpsm-content\"> These serve for the Liquidity Index required by your regulatory authorities, buying our Swiss Debt Securities in the short (ABCPs) and medium term (Bonds) and do not pay income tax. <p class=\"wpsm-hide\" style=\"color: #cc0000; font-size: 100%; text-align: left;\"> View Less<\/p><\/div><\/div><\/span>[\/vc_column_text][\/vc_column_inner][\/vc_row_inner][\/vc_column][\/vc_row][vc_row disable_element=&#8221;yes&#8221;][vc_column][vc_raw_html css=&#8221;.vc_custom_1615231235914{margin-top: 80px !important;}&#8221;]JTNDZGl2JTIwY2xhc3MlM0QlMjJyb3clMjIlM0UlMEElM0NkaXYlMjBjbGFzcyUzRCUyMmNvbC0xMiUyMiUzRSUwQSUzQ2gyJTIwY2xhc3MlM0QlMjJ0aXR1bG9TZXJ2aWNpb3MlMjIlM0VFcXVpcG8lMjBFamVjdXRpdm8lMjBkZSUyMFRoZSUyMEdsb2JhbCUyMENvbW1lcmNpYWwlMjBQYXBlciUyMEV4Y2hhbmdlJTNDJTJGaDIlM0UlMEElM0MlMkZkaXYlM0UlMEElM0NkaXYlMjBjbGFzcyUzRCUyMmNvbC0xMiUyMiUzRSUwQSUzQ2RpdiUyMGNsYXNzJTNEJTIyYmFycmFzZXJ2aWNpb3MlMjIlM0UlM0MlMkZkaXYlM0UlMEElM0MlMkZkaXYlM0UlMEElM0MlMkZkaXYlM0U=[\/vc_raw_html] \n\n \n\n    <div class=\"home-team-area\">\n\n        <div class=\"container\">\n\n          \n            <div class=\"row total-team\">\n\n                \n                \n            <\/div>\n\n        <\/div>\n\n    <\/div>\n\n\n\n[\/vc_column][\/vc_row][vc_row css=&#8221;.vc_custom_1615231848386{padding-top: 0px !important;padding-bottom: 0px !important;background-color: #ffffff !important;}&#8221;][vc_column offset=&#8221;vc_hidden-sm vc_hidden-xs&#8221;][vc_raw_html css=&#8221;.vc_custom_1620229304511{margin-top: 80px !important;}&#8221;]JTNDZGl2JTIwY2xhc3MlM0QlMjJyb3clMjIlM0UlMEElM0NkaXYlMjBjbGFzcyUzRCUyMmNvbC0xMiUyMiUzRSUwQSUzQ2gyJTIwY2xhc3MlM0QlMjJ0aXR1bG9TZXJ2aWNpb3MlMjIlM0VHbG9iYWxBQkNQJTIwcGFydG5lciUyMGNvbXBhbmllcyUzQyUyRmgyJTNFJTBBJTNDJTJGZGl2JTNFJTBBJTNDZGl2JTIwY2xhc3MlM0QlMjJjb2wtMTIlMjIlM0UlMEElM0NkaXYlMjBjbGFzcyUzRCUyMmJhcnJhc2VydmljaW9zJTIyJTNFJTNDJTJGZGl2JTNFJTBBJTNDJTJGZGl2JTNFJTBBJTNDJTJGZGl2JTNF[\/vc_raw_html][vc_images_carousel images=&#8221;1449,1448,1447,1446,1444&#8243; img_size=&#8221;full&#8221; onclick=&#8221;link_no&#8221; slides_per_view=&#8221;4&#8243; autoplay=&#8221;yes&#8221; hide_pagination_control=&#8221;yes&#8221; hide_prev_next_buttons=&#8221;yes&#8221; wrap=&#8221;yes&#8221; el_class=&#8221;vc_custominfiniteloop&#8221;][\/vc_column][\/vc_row][vc_row css=&#8221;.vc_custom_1615231848386{padding-top: 0px !important;padding-bottom: 0px !important;background-color: #ffffff !important;}&#8221;][vc_column offset=&#8221;vc_hidden-lg vc_hidden-md&#8221;][vc_raw_html css=&#8221;.vc_custom_1620229314390{margin-top: 80px !important;}&#8221;]JTNDZGl2JTIwY2xhc3MlM0QlMjJyb3clMjIlM0UlMEElM0NkaXYlMjBjbGFzcyUzRCUyMmNvbC0xMiUyMiUzRSUwQSUzQ2gyJTIwY2xhc3MlM0QlMjJ0aXR1bG9TZXJ2aWNpb3MlMjIlM0VHbG9iYWxBQkNQJTIwcGFydG5lciUyMGNvbXBhbmllcyUzQyUyRmgyJTNFJTBBJTNDJTJGZGl2JTNFJTBBJTNDZGl2JTIwY2xhc3MlM0QlMjJjb2wtMTIlMjIlM0UlMEElM0NkaXYlMjBjbGFzcyUzRCUyMmJhcnJhc2VydmljaW9zJTIyJTNFJTNDJTJGZGl2JTNFJTBBJTNDJTJGZGl2JTNFJTBBJTNDJTJGZGl2JTNF[\/vc_raw_html][vc_images_carousel images=&#8221;1449,1448,1447,1446,1444&#8243; img_size=&#8221;full&#8221; onclick=&#8221;link_no&#8221; slides_per_view=&#8221;2&#8243; autoplay=&#8221;yes&#8221; hide_pagination_control=&#8221;yes&#8221; hide_prev_next_buttons=&#8221;yes&#8221; wrap=&#8221;yes&#8221; el_class=&#8221;vc_custominfiniteloop&#8221;][\/vc_column][\/vc_row][vc_row full_width=&#8221;stretch_row&#8221; content_placement=&#8221;bottom&#8221; css=&#8221;.vc_custom_1615298758061{margin-top: 40px !important;background-color: #1976aa !important;}&#8221; el_class=&#8221;call-to-action-position&#8221;][vc_column][vc_row_inner][vc_column_inner][vc_cta h2=&#8221;Electronic Financial Market&#8221; color=&#8221;white&#8221; add_button=&#8221;right&#8221; btn_title=&#8221;Contact Us&#8221; btn_style=&#8221;outline&#8221; btn_shape=&#8221;square&#8221; btn_color=&#8221;success&#8221; btn_align=&#8221;right&#8221; css=&#8221;.vc_custom_1620228429333{margin-bottom: 0px !important;padding-bottom: 0px !important;background-color: #1976aa !important;}&#8221; el_class=&#8221;call-to-action-color&#8221; btn_link=&#8221;url:%2Fen%2Fcontact-us%2F&#8221;]We offer ABCPs backed by accounts receivables certified by large investment grade private companies.[\/vc_cta][\/vc_column_inner][\/vc_row_inner][\/vc_column][\/vc_row]\n","protected":false},"excerpt":{"rendered":"<p>[vc_row full_width=&#8221;stretch_row_content&#8221; css=&#8221;.vc_custom_1615229623370{padding-top: 0px !important;background-color: #f8f8f8 !important;}&#8221;][vc_column][vc_row_inner content_placement=&#8221;middle&#8221; el_class=&#8221;mid-contain&#8221; css=&#8221;.vc_custom_1474635734416{margin-bottom: -30px !important;}&#8221;][vc_column_inner width=&#8221;1\/2&#8243;][vc_column_text] About Us InterCuentas Holding, Inc. (ICH) is a Panamanian company created on July 24, 2000, owner of InterCuentas technology and business model. ICH granted an exclusive license for the development of its business and technology model, in the territory of the Republic [&hellip;]<\/p>\n","protected":false},"author":4,"featured_media":0,"parent":0,"menu_order":0,"comment_status":"closed","ping_status":"closed","template":"","meta":[],"yoast_head":"<!-- This site is optimized with the Yoast SEO plugin v16.4 - https:\/\/yoast.com\/wordpress\/plugins\/seo\/ -->\n<title>The Global Commercial Paper | About Us - Panama<\/title>\n<meta name=\"description\" content=\"InterCuentas Holding, Inc. (ICH) is a Panamanian company created on July 24, 2000, owner of InterCuentas technology and business model.\" \/>\n<meta name=\"robots\" content=\"index, follow, max-snippet:-1, max-image-preview:large, max-video-preview:-1\" \/>\n<link rel=\"canonical\" href=\"https:\/\/www.globalabcp.com\/en\/about-us\/\" \/>\n<meta property=\"og:locale\" content=\"en_US\" \/>\n<meta property=\"og:type\" content=\"article\" \/>\n<meta property=\"og:title\" content=\"The Global Commercial Paper | About Us - Panama\" \/>\n<meta property=\"og:description\" content=\"InterCuentas Holding, Inc. (ICH) is a Panamanian company created on July 24, 2000, owner of InterCuentas technology and business model.\" \/>\n<meta property=\"og:url\" content=\"https:\/\/www.globalabcp.com\/en\/about-us\/\" \/>\n<meta property=\"og:site_name\" content=\"The Global Commerce\" \/>\n<meta property=\"article:modified_time\" content=\"2021-09-07T22:02:50+00:00\" \/>\n<meta name=\"twitter:card\" content=\"summary_large_image\" \/>\n<meta name=\"twitter:label1\" content=\"Est. reading time\" \/>\n\t<meta name=\"twitter:data1\" content=\"5 minutes\" \/>\n<script type=\"application\/ld+json\" class=\"yoast-schema-graph\">{\"@context\":\"https:\/\/schema.org\",\"@graph\":[{\"@type\":\"WebSite\",\"@id\":\"https:\/\/globalabcp.com\/es\/#website\",\"url\":\"https:\/\/globalabcp.com\/es\/\",\"name\":\"The Global Commerce\",\"description\":\"Otro sitio realizado con WordPress\",\"potentialAction\":[{\"@type\":\"SearchAction\",\"target\":\"https:\/\/globalabcp.com\/es\/?s={search_term_string}\",\"query-input\":\"required name=search_term_string\"}],\"inLanguage\":\"en-US\"},{\"@type\":\"WebPage\",\"@id\":\"https:\/\/www.globalabcp.com\/en\/about-us\/#webpage\",\"url\":\"https:\/\/www.globalabcp.com\/en\/about-us\/\",\"name\":\"The Global Commercial Paper | About Us - Panama\",\"isPartOf\":{\"@id\":\"https:\/\/globalabcp.com\/es\/#website\"},\"datePublished\":\"2020-10-07T02:36:24+00:00\",\"dateModified\":\"2021-09-07T22:02:50+00:00\",\"description\":\"InterCuentas Holding, Inc. (ICH) is a Panamanian company created on July 24, 2000, owner of InterCuentas technology and business model.\",\"breadcrumb\":{\"@id\":\"https:\/\/www.globalabcp.com\/en\/about-us\/#breadcrumb\"},\"inLanguage\":\"en-US\",\"potentialAction\":[{\"@type\":\"ReadAction\",\"target\":[\"https:\/\/www.globalabcp.com\/en\/about-us\/\"]}]},{\"@type\":\"BreadcrumbList\",\"@id\":\"https:\/\/www.globalabcp.com\/en\/about-us\/#breadcrumb\",\"itemListElement\":[{\"@type\":\"ListItem\",\"position\":1,\"item\":{\"@type\":\"WebPage\",\"@id\":\"https:\/\/www.globalabcp.com\/en\/\",\"url\":\"https:\/\/www.globalabcp.com\/en\/\",\"name\":\"Portada\"}},{\"@type\":\"ListItem\",\"position\":2,\"item\":{\"@id\":\"https:\/\/www.globalabcp.com\/en\/about-us\/#webpage\"}}]}]}<\/script>\n<!-- \/ Yoast SEO plugin. -->","_links":{"self":[{"href":"https:\/\/www.globalabcp.com\/en\/wp-json\/wp\/v2\/pages\/1920"}],"collection":[{"href":"https:\/\/www.globalabcp.com\/en\/wp-json\/wp\/v2\/pages"}],"about":[{"href":"https:\/\/www.globalabcp.com\/en\/wp-json\/wp\/v2\/types\/page"}],"author":[{"embeddable":true,"href":"https:\/\/www.globalabcp.com\/en\/wp-json\/wp\/v2\/users\/4"}],"replies":[{"embeddable":true,"href":"https:\/\/www.globalabcp.com\/en\/wp-json\/wp\/v2\/comments?post=1920"}],"version-history":[{"count":20,"href":"https:\/\/www.globalabcp.com\/en\/wp-json\/wp\/v2\/pages\/1920\/revisions"}],"predecessor-version":[{"id":2186,"href":"https:\/\/www.globalabcp.com\/en\/wp-json\/wp\/v2\/pages\/1920\/revisions\/2186"}],"wp:attachment":[{"href":"https:\/\/www.globalabcp.com\/en\/wp-json\/wp\/v2\/media?parent=1920"}],"curies":[{"name":"wp","href":"https:\/\/api.w.org\/{rel}","templated":true}]}}