{"id":378,"date":"2016-09-11T19:32:36","date_gmt":"2016-09-12T00:32:36","guid":{"rendered":"http:\/\/digitalcenturysf.com\/themes\/viktor\/wordpress\/?page_id=72"},"modified":"2021-09-07T16:28:11","modified_gmt":"2021-09-07T21:28:11","slug":"inicio","status":"publish","type":"page","link":"https:\/\/www.globalabcp.com\/es\/","title":{"rendered":"Inicio"},"content":{"rendered":"[vc_row css=&#8221;.vc_custom_1615220287901{padding-top: 10px !important;padding-bottom: 0px !important;}&#8221;][vc_column][vc_single_image image=&#8221;1563&#8243; img_size=&#8221;full&#8221; alignment=&#8221;center&#8221; css=&#8221;.vc_custom_1615215451447{padding-bottom: 0px !important;}&#8221;][vc_column_text css=&#8221;.vc_custom_1619126721206{margin-bottom: 0px !important;}&#8221; el_class=&#8221;test-resp&#8221;]\n<p style=\"text-align: center;\">GlobalABCP permite a grandes empresas privadas paname\u00f1as (Deudores), que tengan grado de inversi\u00f3n local emitido por una agencia internacional calificadora de riesgo como Moody\u2019s, Standard and Poor\u2019s o Fitch, acceso indirecto al mercado internacional de dinero a corto plazo (money market) de un a\u00f1o o menos.<\/p>\n[\/vc_column_text][\/vc_column][\/vc_row][vc_row css=&#8221;.vc_custom_1615220296830{margin-top: 0px !important;padding-top: 0px !important;}&#8221;][vc_column] \n\n\n\n      <div class=\"about-page-content\">\n\n          <div class=\"container\">\n\n            \n              <div class=\"row feature-image\">\n\n                \n                  <div class=\"col-lg-6 col-md-6 col-sm-12 col-xs-12 text-center acurate\">\n\n                      <div class=\"about-featured-image\">\n\n                          <a href=\"#\"><img src=\"https:\/\/www.globalabcp.com\/wp-content\/uploads\/2016\/09\/about-image.jpg\" alt=\"\"><\/a>\n\n                      <\/div>\n\n                  <\/div>\n\n                \n                \n                  <div class=\"col-lg-6 col-md-6 col-sm-12 col-xs-12 acurate\">\n\n                      <div class=\"about-main-content\">\n\n                          <h4>Sobre nosotros<\/h4>\n\n                          <h3>\u00bfQu\u00e9 Ofrecemos?<\/h3>\n\n                          <p>Los Deudores garantizan la emisi\u00f3n de T\u00edtulos Valores de Deuda Suizos menores a un a\u00f1o, t\u00edpicamente Papeles Comerciales o Papeles Comerciales Respaldados por las cuentas por cobrar certificadas de sus proveedores (Asset Backed Commercial Papers) los cuales son vendidos a Inversionistas Institucionales alrededor del mundo, que no sean de Estados Unidos o Canad\u00e1, a trav\u00e9s de un Special Purpose Vehicle de GlobalABCP.<\/p>\n\n                      <\/div>\n\n                  <\/div>\n\n                \n              <\/div>\n\n          <\/div>\n\n      <\/div>\n\n[\/vc_column][\/vc_row][vc_row full_width=&#8221;stretch_row&#8221; el_class=&#8221;about-page-content&#8221;][vc_column width=&#8221;1\/3&#8243;] \n\n\n\n    <div class=\"about-service\">\n\n      <div class=\"single-about-services\">\n\n          <div class=\"service-top\">\n\n              <ul>\n\n                  <li><a href=\"#\"><span class=\"flaticon-graph\"><\/span><\/a><\/li>\n\n                  <li><a href=\"#\">Proveedores<\/a><\/li>\n\n              <\/ul>\n\n          <\/div>\n\n          <p>Los Proveedores se benefician al vender sus cuentas por cobrar certificadas mediante Descuento por Pronto Pago a un costo total inferior a lo que le cobra un banco o empresa de factoring.<\/p>\n\n      <\/div>\n\n    <\/div>\n\n\n\n[vc_column_text]<div class=\"show_more\"><p class=\"wpsm-show\" style=\"color: #cc0000; font-size: 100%; text-align: left;\"> Ver M\u00e1s<\/p><div class=\"wpsm-content\">Sin tener que firmar contratos de financiamientos, ni pagar\u00e9s, ni comit\u00e9s de cr\u00e9dito, ni presentar estados financieros, ni referencias crediticias, ni an\u00e1lisis de cr\u00e9dito, ni pagar el impuesto de financiamiento FECI.  <p class=\"wpsm-hide\" style=\"color: #cc0000; font-size: 100%; text-align: left;\"> Reducir<\/p><\/div><\/div>[\/vc_column_text][\/vc_column][vc_column width=&#8221;1\/3&#8243;] \n\n\n\n    <div class=\"about-service\">\n\n      <div class=\"single-about-services\">\n\n          <div class=\"service-top\">\n\n              <ul>\n\n                  <li><a href=\"#\"><span class=\"flaticon-finances\"><\/span><\/a><\/li>\n\n                  <li><a href=\"#\">Deudores<\/a><\/li>\n\n              <\/ul>\n\n          <\/div>\n\n          <p>Los deudores reciben d\u00edas de cr\u00e9dito adicional gratis, entre 30 a 90 d\u00edas adicionales, para un total de m\u00e1ximo 180 d\u00edas.<\/p>\n\n      <\/div>\n\n    <\/div>\n\n\n\n[vc_column_text]<div class=\"show_more\"><p class=\"wpsm-show\" style=\"color: #cc0000; font-size: 100%; text-align: left;\"> Ver M\u00e1s<\/p><div class=\"wpsm-content\"> Dependiendo del margen de ganancia obtenido entre el Descuento Por Pronto Pago cobrado al proveedor y el inter\u00e9s anual pagado al inversionista que compr\u00f3 el ABCP. Mientras m\u00e1s grande el margen de ganancia, mayor es el n\u00famero de d\u00edas de cr\u00e9dito gratis que obtiene el Deudor.<\/p>\n<p>Si los Deudores tienen exceso de liquidez, pueden continuar pagando en el tiempo usual sus cuentas por pagar y recibir el 50% del margen de ganancia del spread de intereses, como bonificaci\u00f3n por obligarse a pagar al fideicomiso irrevocablemente en una fecha fija. <p class=\"wpsm-hide\" style=\"color: #cc0000; font-size: 100%; text-align: left;\"> Reducir<\/p><\/div><\/div>[\/vc_column_text][\/vc_column][vc_column width=&#8221;1\/3&#8243;] \n\n\n\n    <div class=\"about-service\">\n\n      <div class=\"single-about-services\">\n\n          <div class=\"service-top\">\n\n              <ul>\n\n                  <li><a href=\"#\"><span class=\"flaticon-presentation\"><\/span><\/a><\/li>\n\n                  <li><a href=\"#\">Inversionistas<\/a><\/li>\n\n              <\/ul>\n\n          <\/div>\n\n          <p>Los Inversionistas reciben rendimientos anuales superiores a otras alternativas a corto plazo por el mismo nivel de riesgo.<\/p>\n\n      <\/div>\n\n    <\/div>\n\n\n\n[vc_column_text]<div class=\"show_more\"><p class=\"wpsm-show\" style=\"color: #cc0000; font-size: 100%; text-align: left;\"> Ver M\u00e1s<\/p><div class=\"wpsm-content\"> Adem\u00e1s, tienen opci\u00f3n de invertir en una nueva clase de instrumento de inversi\u00f3n, el de ABCPs garantizados por Deudores grandes privados con grado de inversi\u00f3n local o internacional. Estas inversiones no pagan impuesto sobre la renta en Panam\u00e1.  <p class=\"wpsm-hide\" style=\"color: #cc0000; font-size: 100%; text-align: left;\"> Reducir<\/p><\/div><\/div>[\/vc_column_text][\/vc_column][\/vc_row][vc_row full_width=&#8221;stretch_row_content_no_spaces&#8221; css=&#8221;.vc_custom_1628686625367{background-image: url(http:\/\/review.globalabcp.com\/wp-content\/uploads\/2021\/03\/bgsection3.jpg?id=1629) !important;background-position: center !important;background-repeat: no-repeat !important;background-size: cover !important;}&#8221;][vc_column] \n\n    <div class=\"home-page-core-activities-area\">\n\n        <div class=\"container\">\n\n            <div class=\"row\"> \n\n                 <div class=\"col-lg-6 col-md-6 col-sm-6 col-xs-12\"><\/div>\n\n                 <div class=\"col-lg-6 col-md-6 col-sm-6 col-xs-12\">\n\n                    <div class=\"home-activities-area\">\n\n                        <h2>\u00bfPor qu\u00e9 elegirnos?<\/h2>\n\n                                           \n\n                              <div class=\"single-activities\">\n\n                                  <div class=\"media\">\n\n                                    <div class=\"pull-left\">\n\n                                      <a href=\"#\">\n\n                                        <span class=\"flaticon-presentation\"><\/span>\n\n                                      <\/a>\n\n                                    <\/div>\n\n                                    <div class=\"media-body\">\n\n                                      <h4 class=\"media-heading\"><a href=\"#\">Modelo de negocio eficiente <\/a><\/h4>\n\n                                      <p>Desintermediamos el mercado de factoring y financiamiento a corto plazo empresarial. Implementamos un modelo de negocio m\u00e1s eficiente que minimiza los costos, tiempos, requisitos y papeleos a empresas Deudoras, Proveedores y a Inversionistas.<\/p>\n\n                                    <\/div>\n\n                                  <\/div>\n\n                              <\/div>\n\n                                               \n\n                              <div class=\"single-activities\">\n\n                                  <div class=\"media\">\n\n                                    <div class=\"pull-left\">\n\n                                      <a href=\"#\">\n\n                                        <span class=\"flaticon-graph\"><\/span>\n\n                                      <\/a>\n\n                                    <\/div>\n\n                                    <div class=\"media-body\">\n\n                                      <h4 class=\"media-heading\"><a href=\"#\">Costos fijos bajos<\/a><\/h4>\n\n                                      <p>Operamos con costos fijos y m\u00e1rgenes de ganancia muy inferiores a los de bancos y empresas de factoring, lo que nos permite cobrarle menos a los Proveedores, pagarle m\u00e1s a los Inversionistas y compartir el 50% de la ganancia con los Deudores participantes.<\/p>\n\n                                    <\/div>\n\n                                  <\/div>\n\n                              <\/div>\n\n                                               \n\n                              <div class=\"single-activities\">\n\n                                  <div class=\"media\">\n\n                                    <div class=\"pull-left\">\n\n                                      <a href=\"#\">\n\n                                        <span class=\"flaticon-piggy-bank\"><\/span>\n\n                                      <\/a>\n\n                                    <\/div>\n\n                                    <div class=\"media-body\">\n\n                                      <h4 class=\"media-heading\"><a href=\"#\">Transacciones sin impuesto<\/a><\/h4>\n\n                                      <p>Las transacciones de ABCPs emitidos en Suiza son considerados exento del impuesto sobre la renta para los Inversionistas paname\u00f1os, por ser de fuente extranjera. Tampoco pagan el impuesto de financiamiento (FECI) por ser un Descuento Por Pronto Pago, no un financiamiento.<\/p>\n\n                                    <\/div>\n\n                                  <\/div>\n\n                              <\/div>\n\n                              \n\n                    <\/div> \n\n                 <\/div>\n\n            <\/div>\n\n        <\/div>\n\n    <\/div>\n\n[\/vc_column][\/vc_row][vc_row full_width=&#8221;stretch_row&#8221; el_class=&#8221;home-faq-area&#8221; css=&#8221;.vc_custom_1611425765188{margin-top: 40px !important;margin-bottom: 40px !important;padding-top: 58px !important;padding-bottom: 58px !important;background-position: center !important;background-repeat: no-repeat !important;background-size: contain !important;}&#8221;][vc_column width=&#8221;1\/2&#8243; css=&#8221;.vc_custom_1602008377850{margin-top: 0px !important;margin-right: 0px !important;margin-bottom: 5% !important;margin-left: 0px !important;}&#8221;][vc_single_image image=&#8221;653&#8243; img_size=&#8221;full&#8221; alignment=&#8221;center&#8221; css=&#8221;.vc_custom_1603732875605{margin-bottom: 20px !important;}&#8221;][\/vc_column][vc_column width=&#8221;1\/2&#8243;][vc_column_text el_class=&#8221;faq-area&#8221;]\n<h2>\u00bfC\u00f3mo funciona?<\/h2>\n[\/vc_column_text][vc_tta_accordion active_section=&#8221;1&#8243; el_class=&#8221;special-accordion&#8221;][vc_tta_section title=&#8221;Mercado Financiero electr\u00f3nico&#8221; tab_id=&#8221;1615224628573-8b627f46-96a8&#8243;][vc_column_text]<span style=\"font-weight: 400;\">Mercado financiero electr\u00f3nico de Suiza donde se negocian ABCPs respaldados por cuentas por cobrar certificadas por entidades p\u00fablicas o privadas con grado de inversi\u00f3n, emitidos en moneda local.<\/span>[\/vc_column_text][\/vc_tta_section][vc_tta_section title=&#8221;ABCP es emitido por un Special Purpose Vehicle (SPV)&#8221; tab_id=&#8221;1615224715520-69d5c5bf-e1a5&#8243;][vc_column_text]<span style=\"font-weight: 400;\">Un veh\u00edculo de prop\u00f3sito especial, tambi\u00e9n llamado entidad de prop\u00f3sito especial (SPE), es una subsidiaria creada por una sociedad matriz para aislar el riesgo financiero. Su condici\u00f3n jur\u00eddica como sociedad separada garantiza sus obligaciones incluso si la sociedad matriz se declara en bancarrota. El GlobalABCP SPV esta constituido en Guernsey (dependencia de la Corona brit\u00e1nica ubicada en el canal de la Mancha), regido bajo las leyes de valores Suizas y es libre de impuestos.<\/span>[\/vc_column_text][\/vc_tta_section][vc_tta_section title=&#8221;El Administrador del GlobalABCP SPV es regulado por Guernsey Financial Services Commission&#8221; tab_id=&#8221;1631049672645-7762cd71-81e2&#8243;][vc_column_text]La Comisi\u00f3n de Servicios Financieros de Guernsey es el organismo regulador de la industria financiera en Guernsey. Busca asegurar buenos resultados regulatorios con integridad, proporcionalidad y excelencia profesional, generando as\u00ed confianza como jurisdicci\u00f3n.<\/p>\n<p>Es un organismo p\u00fablico independiente financiado \u00edntegramente por los licenciatarios que regula, cobr\u00e1ndoles tasas.[\/vc_column_text][\/vc_tta_section][vc_tta_section title=&#8221;Agente Pagador es regulado por el Swiss Financial Market Supervisory Authority (FINMA)&#8221; tab_id=&#8221;1615224628583-820b2340-1cd3&#8243;][vc_column_text]<span style=\"font-weight: 400;\">El <\/span><span style=\"font-weight: 400;\">Swiss Financial Market Supervisory Authority (FINMA) es la entidad del gobierno de Suiza responsable de regular temas financieros. Esto incluye la supervisi\u00f3n de bancos, compa\u00f1\u00edas de seguros, bolsas de valores y casas de valores, as\u00ed como a otros intermediarios financieros en Suiza. <\/span><span style=\"font-weight: 400;\">La funci\u00f3n principal de FINMA de Suiza es proteger a los inversionistas y mantener la integridad de los mercados de valores supervisados.<\/span>[\/vc_column_text][\/vc_tta_section][vc_tta_section title=&#8221;El SPV puede rechazar admisi\u00f3n de Deudores, Proveedores o Inversionistas Institucionales&#8221; tab_id=&#8221;1615224740703-9ef32609-fe11&#8243;][vc_column_text]El SPV puede rechazar admisi\u00f3n de Deudores, Proveedores o Inversionistas Institucionales que no cumplen con sus pol\u00edticas de Know Your Customer.[\/vc_column_text][\/vc_tta_section][vc_tta_section title=&#8221;Es transparente y seguro&#8221; tab_id=&#8221;1615224803646-24bfc23a-dbd0&#8243;][vc_column_text]Se sabe qui\u00e9n vende y compra, que cantidades y a que precios, a trav\u00e9s de Blockchain y Bloomberg.[\/vc_column_text][\/vc_tta_section][vc_tta_section title=&#8221;Emisiones tienen n\u00fameros ISIN Suizos&#8221; tab_id=&#8221;1615224840404-d1f9ca7b-d346&#8243;][vc_column_text]La Organizaci\u00f3n ISIN ofrece servicios de gesti\u00f3n relacionados con los N\u00fameros de Identificaci\u00f3n Internacional de T\u00edtulos (ISIN por sus siglas en ingl\u00e9s). ISINs identifica de manera \u00fanica un t\u00edtulo\u2013 su estructura est\u00e1 definida en ISO 6166. Los t\u00edtulos para los que se emite incluyen valores, pagar\u00e9s, acciones y \u00f3rdenes judiciales. El c\u00f3digo ISIN es un c\u00f3digo de 12 caracteres alfanum\u00e9ricos. Puede verlo como un n\u00famero de serie que no contiene informaci\u00f3n para describir instrumentos financieros sino que sirve para identificar uniformemente un t\u00edtulo con fines comerciales y de firma de acuerdos.[\/vc_column_text][\/vc_tta_section][\/vc_tta_accordion][\/vc_column][\/vc_row][vc_row full_width=&#8221;stretch_row&#8221; content_placement=&#8221;bottom&#8221; css=&#8221;.vc_custom_1615298758061{margin-top: 40px !important;background-color: #1976aa !important;}&#8221; el_class=&#8221;call-to-action-position&#8221;][vc_column][vc_row_inner][vc_column_inner][vc_cta h2=&#8221;Mercado Financiero Electr\u00f3nico&#8221; color=&#8221;white&#8221; add_button=&#8221;right&#8221; btn_title=&#8221;Cont\u00e1ctanos&#8221; btn_style=&#8221;outline&#8221; btn_shape=&#8221;square&#8221; btn_color=&#8221;success&#8221; btn_align=&#8221;right&#8221; css=&#8221;.vc_custom_1620228318072{margin-bottom: 0px !important;padding-bottom: 0px !important;background-color: #1976aa !important;}&#8221; el_class=&#8221;call-to-action-color&#8221; btn_link=&#8221;url:%2Fcontactanos&#8221;]Ofrecemos ABCPs respaldados por cuentas por cobrar certificadas por grandes empresas privadas con grado de inversi\u00f3n.[\/vc_cta][\/vc_column_inner][\/vc_row_inner][\/vc_column][\/vc_row]\n","protected":false},"excerpt":{"rendered":"<p>[vc_row css=&#8221;.vc_custom_1615220287901{padding-top: 10px !important;padding-bottom: 0px !important;}&#8221;][vc_column][vc_single_image image=&#8221;1563&#8243; img_size=&#8221;full&#8221; alignment=&#8221;center&#8221; css=&#8221;.vc_custom_1615215451447{padding-bottom: 0px !important;}&#8221;][vc_column_text css=&#8221;.vc_custom_1619126721206{margin-bottom: 0px !important;}&#8221; el_class=&#8221;test-resp&#8221;] GlobalABCP permite a grandes empresas privadas paname\u00f1as (Deudores), que tengan grado de inversi\u00f3n local emitido por una agencia internacional calificadora de riesgo como Moody\u2019s, Standard and Poor\u2019s o Fitch, acceso indirecto al mercado internacional de dinero a corto plazo [&hellip;]<\/p>\n","protected":false},"author":4,"featured_media":0,"parent":0,"menu_order":0,"comment_status":"closed","ping_status":"closed","template":"","meta":[],"yoast_head":"<!-- This site is optimized with the Yoast SEO plugin v16.4 - https:\/\/yoast.com\/wordpress\/plugins\/seo\/ -->\n<title>The Global Commercial Paper | Inicio - Panam\u00e1<\/title>\n<meta name=\"description\" content=\"GlobalABCP permite a grandes empresas privadas paname\u00f1as (Deudores) que tengan grado de inversi\u00f3n local emitido por una agencia internacional\" \/>\n<meta name=\"robots\" content=\"index, follow, max-snippet:-1, max-image-preview:large, max-video-preview:-1\" \/>\n<link rel=\"canonical\" href=\"https:\/\/www.globalabcp.com\/es\/\" \/>\n<meta property=\"og:locale\" content=\"es_ES\" \/>\n<meta property=\"og:type\" content=\"article\" \/>\n<meta property=\"og:title\" content=\"The Global Commercial Paper | Inicio - Panam\u00e1\" \/>\n<meta property=\"og:description\" content=\"GlobalABCP permite a grandes empresas privadas paname\u00f1as (Deudores) que tengan grado de inversi\u00f3n local emitido por una agencia internacional\" \/>\n<meta property=\"og:url\" content=\"https:\/\/www.globalabcp.com\/es\/\" \/>\n<meta property=\"og:site_name\" content=\"The Global Commerce\" \/>\n<meta property=\"article:modified_time\" content=\"2021-09-07T21:28:11+00:00\" \/>\n<meta name=\"twitter:card\" content=\"summary_large_image\" \/>\n<meta name=\"twitter:label1\" content=\"Tiempo de lectura\" \/>\n\t<meta name=\"twitter:data1\" content=\"5 minutos\" \/>\n<script type=\"application\/ld+json\" class=\"yoast-schema-graph\">{\"@context\":\"https:\/\/schema.org\",\"@graph\":[{\"@type\":\"WebSite\",\"@id\":\"https:\/\/globalabcp.com\/es\/#website\",\"url\":\"https:\/\/globalabcp.com\/es\/\",\"name\":\"The Global Commerce\",\"description\":\"Otro sitio realizado con WordPress\",\"potentialAction\":[{\"@type\":\"SearchAction\",\"target\":\"https:\/\/globalabcp.com\/es\/?s={search_term_string}\",\"query-input\":\"required name=search_term_string\"}],\"inLanguage\":\"es\"},{\"@type\":\"WebPage\",\"@id\":\"https:\/\/www.globalabcp.com\/es\/#webpage\",\"url\":\"https:\/\/www.globalabcp.com\/es\/\",\"name\":\"The Global Commercial Paper | Inicio - Panam\\u00e1\",\"isPartOf\":{\"@id\":\"https:\/\/globalabcp.com\/es\/#website\"},\"datePublished\":\"2016-09-12T00:32:36+00:00\",\"dateModified\":\"2021-09-07T21:28:11+00:00\",\"description\":\"GlobalABCP permite a grandes empresas privadas paname\\u00f1as (Deudores) que tengan grado de inversi\\u00f3n local emitido por una agencia internacional\",\"breadcrumb\":{\"@id\":\"https:\/\/www.globalabcp.com\/es\/#breadcrumb\"},\"inLanguage\":\"es\",\"potentialAction\":[{\"@type\":\"ReadAction\",\"target\":[\"https:\/\/www.globalabcp.com\/es\/\"]}]},{\"@type\":\"BreadcrumbList\",\"@id\":\"https:\/\/www.globalabcp.com\/es\/#breadcrumb\",\"itemListElement\":[{\"@type\":\"ListItem\",\"position\":1,\"item\":{\"@type\":\"WebPage\",\"@id\":\"https:\/\/globalabcp.com\/es\/\",\"url\":\"https:\/\/globalabcp.com\/es\/\",\"name\":\"Portada\"}},{\"@type\":\"ListItem\",\"position\":2,\"item\":{\"@id\":\"https:\/\/www.globalabcp.com\/es\/#webpage\"}}]}]}<\/script>\n<!-- \/ Yoast SEO plugin. -->","_links":{"self":[{"href":"https:\/\/www.globalabcp.com\/es\/wp-json\/wp\/v2\/pages\/378"}],"collection":[{"href":"https:\/\/www.globalabcp.com\/es\/wp-json\/wp\/v2\/pages"}],"about":[{"href":"https:\/\/www.globalabcp.com\/es\/wp-json\/wp\/v2\/types\/page"}],"author":[{"embeddable":true,"href":"https:\/\/www.globalabcp.com\/es\/wp-json\/wp\/v2\/users\/4"}],"replies":[{"embeddable":true,"href":"https:\/\/www.globalabcp.com\/es\/wp-json\/wp\/v2\/comments?post=378"}],"version-history":[{"count":270,"href":"https:\/\/www.globalabcp.com\/es\/wp-json\/wp\/v2\/pages\/378\/revisions"}],"predecessor-version":[{"id":2180,"href":"https:\/\/www.globalabcp.com\/es\/wp-json\/wp\/v2\/pages\/378\/revisions\/2180"}],"wp:attachment":[{"href":"https:\/\/www.globalabcp.com\/es\/wp-json\/wp\/v2\/media?parent=378"}],"curies":[{"name":"wp","href":"https:\/\/api.w.org\/{rel}","templated":true}]}}